{"id":1633,"date":"2025-02-24T10:49:08","date_gmt":"2025-02-24T10:49:08","guid":{"rendered":"https:\/\/cardentrepair.de\/?page_id=1633"},"modified":"2025-02-24T11:14:24","modified_gmt":"2025-02-24T11:14:24","slug":"beulenreparatur-ohne-lackieren","status":"publish","type":"page","link":"https:\/\/cardentrepair.de\/?page_id=1633","title":{"rendered":"Beulenreparatur ohne Lackieren"},"content":{"rendered":"\t\t<div data-elementor-type=\"wp-page\" data-elementor-id=\"1633\" class=\"elementor elementor-1633\" data-elementor-post-type=\"page\">\n\t\t\t\t\t\t<section class=\"elementor-section elementor-top-section elementor-element elementor-element-f4ffb7a elementor-reverse-tablet elementor-reverse-mobile elementor-section-boxed elementor-section-height-default elementor-section-height-default\" data-id=\"f4ffb7a\" data-element_type=\"section\" data-settings=\"{&quot;background_background&quot;:&quot;classic&quot;}\">\n\t\t\t\t\t\t<div class=\"elementor-container elementor-column-gap-no\">\n\t\t\t\t\t<div class=\"elementor-column elementor-col-50 elementor-top-column elementor-element elementor-element-d2c01ad\" data-id=\"d2c01ad\" data-element_type=\"column\">\n\t\t\t<div class=\"elementor-widget-wrap elementor-element-populated\">\n\t\t\t\t\t\t<div class=\"elementor-element elementor-element-a045df0 elementor-widget elementor-widget-heading\" data-id=\"a045df0\" data-element_type=\"widget\" data-widget_type=\"heading.default\">\n\t\t\t\t<div class=\"elementor-widget-container\">\n\t\t\t\t\t<h6 class=\"elementor-heading-title elementor-size-default\">Car Dent Repair<\/h6>\t\t\t\t<\/div>\n\t\t\t\t<\/div>\n\t\t\t\t<div class=\"elementor-element elementor-element-2fe20fc elementor-widget elementor-widget-heading\" data-id=\"2fe20fc\" data-element_type=\"widget\" data-widget_type=\"heading.default\">\n\t\t\t\t<div class=\"elementor-widget-container\">\n\t\t\t\t\t<div class=\"elementor-heading-title elementor-size-default\">Beulen und Dellen am Fahrzeug sind \u00e4rgerlich, m\u00fcssen aber nicht immer mit teuren Lackierarbeiten behoben werden. Die Beulen ausbeulen ohne Lackieren ist eine moderne und kosteng\u00fcnstige L\u00f6sung, um kleinere bis mittlere Sch\u00e4den schnell zu beheben. Mit der Paintless Dent Repair (PDR) Technik entfernen wir Beulen schonend und pr\u00e4zise, sodass der Originallack Ihres Fahrzeugs unversehrt bleibt.\n\nDiese Methode eignet sich besonders gut f\u00fcr Fahrzeuge, die keine gr\u00f6\u00dferen Lacksch\u00e4den aufweisen, aber trotzdem eine professionelle Reparatur ben\u00f6tigen. PDR erm\u00f6glicht es, Beulen ohne Spachteln und Lackieren zu beseitigen, was den Reparaturprozess erheblich beschleunigt und Ihre Kosten senkt. Unser Team in Heidenheim sorgt daf\u00fcr, dass Ihr Fahrzeug nach der Reparatur wieder wie neu aussieht.<\/div>\t\t\t\t<\/div>\n\t\t\t\t<\/div>\n\t\t\t\t<div class=\"elementor-element elementor-element-687ca19 elementor-mobile-align-justify elementor-widget elementor-widget-button\" data-id=\"687ca19\" data-element_type=\"widget\" data-widget_type=\"button.default\">\n\t\t\t\t<div class=\"elementor-widget-container\">\n\t\t\t\t\t\t\t\t\t<div class=\"elementor-button-wrapper\">\n\t\t\t\t\t<a class=\"elementor-button elementor-button-link elementor-size-lg\" href=\"#terminvergabe\">\n\t\t\t\t\t\t<span class=\"elementor-button-content-wrapper\">\n\t\t\t\t\t\t\t\t\t<span class=\"elementor-button-text\">ANFRAGE SENDEN<\/span>\n\t\t\t\t\t<\/span>\n\t\t\t\t\t<\/a>\n\t\t\t\t<\/div>\n\t\t\t\t\t\t\t\t<\/div>\n\t\t\t\t<\/div>\n\t\t\t\t\t<\/div>\n\t\t<\/div>\n\t\t\t\t<div class=\"elementor-column elementor-col-50 elementor-top-column elementor-element elementor-element-0264c53\" data-id=\"0264c53\" data-element_type=\"column\">\n\t\t\t<div class=\"elementor-widget-wrap elementor-element-populated\">\n\t\t\t\t\t\t<div class=\"elementor-element elementor-element-8475046 elementor-widget elementor-widget-image\" data-id=\"8475046\" data-element_type=\"widget\" data-widget_type=\"image.default\">\n\t\t\t\t<div class=\"elementor-widget-container\">\n\t\t\t\t\t\t\t\t\t\t\t\t\t\t\t<img fetchpriority=\"high\" decoding=\"async\" width=\"1920\" height=\"1080\" src=\"https:\/\/cardentrepair.de\/wp-content\/uploads\/2025\/02\/Design-ohne-Titel-2.jpg\" class=\"attachment-full size-full wp-image-1517\" alt=\"\" srcset=\"https:\/\/cardentrepair.de\/wp-content\/uploads\/2025\/02\/Design-ohne-Titel-2.jpg 1920w, https:\/\/cardentrepair.de\/wp-content\/uploads\/2025\/02\/Design-ohne-Titel-2-300x169.jpg 300w, https:\/\/cardentrepair.de\/wp-content\/uploads\/2025\/02\/Design-ohne-Titel-2-1024x576.jpg 1024w, https:\/\/cardentrepair.de\/wp-content\/uploads\/2025\/02\/Design-ohne-Titel-2-768x432.jpg 768w, https:\/\/cardentrepair.de\/wp-content\/uploads\/2025\/02\/Design-ohne-Titel-2-1536x864.jpg 1536w\" sizes=\"(max-width: 1920px) 100vw, 1920px\" \/>\t\t\t\t\t\t\t\t\t\t\t\t\t\t\t<\/div>\n\t\t\t\t<\/div>\n\t\t\t\t\t<\/div>\n\t\t<\/div>\n\t\t\t\t\t<\/div>\n\t\t<\/section>\n\t\t\t\t<section class=\"elementor-section elementor-top-section elementor-element elementor-element-e02832f elementor-section-boxed elementor-section-height-default elementor-section-height-default\" data-id=\"e02832f\" data-element_type=\"section\">\n\t\t\t\t\t\t<div class=\"elementor-container elementor-column-gap-default\">\n\t\t\t\t\t<div class=\"elementor-column elementor-col-100 elementor-top-column elementor-element elementor-element-40ab96c\" data-id=\"40ab96c\" data-element_type=\"column\">\n\t\t\t<div class=\"elementor-widget-wrap elementor-element-populated\">\n\t\t\t\t\t\t<section class=\"elementor-section elementor-inner-section elementor-element elementor-element-59c05c5 elementor-section-boxed elementor-section-height-default elementor-section-height-default\" data-id=\"59c05c5\" data-element_type=\"section\">\n\t\t\t\t\t\t<div class=\"elementor-container elementor-column-gap-default\">\n\t\t\t\t\t<div class=\"elementor-column elementor-col-25 elementor-inner-column elementor-element elementor-element-aab1f6b\" data-id=\"aab1f6b\" data-element_type=\"column\">\n\t\t\t<div class=\"elementor-widget-wrap elementor-element-populated\">\n\t\t\t\t\t\t<div class=\"elementor-element elementor-element-20cffda elementor-widget elementor-widget-counter\" data-id=\"20cffda\" data-element_type=\"widget\" data-widget_type=\"counter.default\">\n\t\t\t\t<div class=\"elementor-widget-container\">\n\t\t\t\t\t\t\t<div class=\"elementor-counter\">\n\t\t\t<div class=\"elementor-counter-title\">zufriedene Kunden j\u00e4hrlich<\/div>\t\t\t<div class=\"elementor-counter-number-wrapper\">\n\t\t\t\t<span class=\"elementor-counter-number-prefix\"><\/span>\n\t\t\t\t<span class=\"elementor-counter-number\" data-duration=\"2000\" data-to-value=\"500\" data-from-value=\"0\">0<\/span>\n\t\t\t\t<span class=\"elementor-counter-number-suffix\">+<\/span>\n\t\t\t<\/div>\n\t\t<\/div>\n\t\t\t\t\t\t<\/div>\n\t\t\t\t<\/div>\n\t\t\t\t\t<\/div>\n\t\t<\/div>\n\t\t\t\t<div class=\"elementor-column elementor-col-25 elementor-inner-column elementor-element elementor-element-1a22532\" data-id=\"1a22532\" data-element_type=\"column\">\n\t\t\t<div class=\"elementor-widget-wrap elementor-element-populated\">\n\t\t\t\t\t\t<div class=\"elementor-element elementor-element-eab277a elementor-widget elementor-widget-counter\" data-id=\"eab277a\" data-element_type=\"widget\" data-widget_type=\"counter.default\">\n\t\t\t\t<div class=\"elementor-widget-container\">\n\t\t\t\t\t\t\t<div class=\"elementor-counter\">\n\t\t\t<div class=\"elementor-counter-title\">Jahre Erfahrung<\/div>\t\t\t<div class=\"elementor-counter-number-wrapper\">\n\t\t\t\t<span class=\"elementor-counter-number-prefix\"><\/span>\n\t\t\t\t<span class=\"elementor-counter-number\" data-duration=\"2000\" data-to-value=\"10\" data-from-value=\"0\" data-delimiter=\",\">0<\/span>\n\t\t\t\t<span class=\"elementor-counter-number-suffix\">+<\/span>\n\t\t\t<\/div>\n\t\t<\/div>\n\t\t\t\t\t\t<\/div>\n\t\t\t\t<\/div>\n\t\t\t\t\t<\/div>\n\t\t<\/div>\n\t\t\t\t<div class=\"elementor-column elementor-col-25 elementor-inner-column elementor-element elementor-element-0d4c37f\" data-id=\"0d4c37f\" data-element_type=\"column\">\n\t\t\t<div class=\"elementor-widget-wrap elementor-element-populated\">\n\t\t\t\t\t\t<div class=\"elementor-element elementor-element-0d58f3d elementor-widget elementor-widget-counter\" data-id=\"0d58f3d\" data-element_type=\"widget\" data-widget_type=\"counter.default\">\n\t\t\t\t<div class=\"elementor-widget-container\">\n\t\t\t\t\t\t\t<div class=\"elementor-counter\">\n\t\t\t<div class=\"elementor-counter-title\">Dellen entfernt<\/div>\t\t\t<div class=\"elementor-counter-number-wrapper\">\n\t\t\t\t<span class=\"elementor-counter-number-prefix\"><\/span>\n\t\t\t\t<span class=\"elementor-counter-number\" data-duration=\"2000\" data-to-value=\"1000\" data-from-value=\"0\">0<\/span>\n\t\t\t\t<span class=\"elementor-counter-number-suffix\">+<\/span>\n\t\t\t<\/div>\n\t\t<\/div>\n\t\t\t\t\t\t<\/div>\n\t\t\t\t<\/div>\n\t\t\t\t\t<\/div>\n\t\t<\/div>\n\t\t\t\t<div class=\"elementor-column elementor-col-25 elementor-inner-column elementor-element elementor-element-6b1178d\" data-id=\"6b1178d\" data-element_type=\"column\">\n\t\t\t<div class=\"elementor-widget-wrap elementor-element-populated\">\n\t\t\t\t\t\t<div class=\"elementor-element elementor-element-1fb464f elementor-widget elementor-widget-counter\" data-id=\"1fb464f\" data-element_type=\"widget\" data-widget_type=\"counter.default\">\n\t\t\t\t<div class=\"elementor-widget-container\">\n\t\t\t\t\t\t\t<div class=\"elementor-counter\">\n\t\t\t<div class=\"elementor-counter-title\">Kundenzufriedenheit<\/div>\t\t\t<div class=\"elementor-counter-number-wrapper\">\n\t\t\t\t<span class=\"elementor-counter-number-prefix\"><\/span>\n\t\t\t\t<span class=\"elementor-counter-number\" data-duration=\"2000\" data-to-value=\"100\" data-from-value=\"0\" data-delimiter=\",\">0<\/span>\n\t\t\t\t<span class=\"elementor-counter-number-suffix\">%<\/span>\n\t\t\t<\/div>\n\t\t<\/div>\n\t\t\t\t\t\t<\/div>\n\t\t\t\t<\/div>\n\t\t\t\t\t<\/div>\n\t\t<\/div>\n\t\t\t\t\t<\/div>\n\t\t<\/section>\n\t\t\t\t\t<\/div>\n\t\t<\/div>\n\t\t\t\t\t<\/div>\n\t\t<\/section>\n\t\t\t\t<\/div>\n\t\t","protected":false},"excerpt":{"rendered":"<p>Beulen und Dellen am Fahrzeug sind \u00e4rgerlich, m\u00fcssen aber nicht immer mit teuren Lackierarbeiten behoben werden. Die Beulen ausbeulen ohne Lackieren ist eine moderne und kosteng\u00fcnstige L\u00f6sung, um kleinere bis mittlere Sch\u00e4den schnell zu beheben. Mit der Paintless Dent Repair (PDR) Technik entfernen wir Beulen schonend und pr\u00e4zise, sodass der Originallack Ihres Fahrzeugs unversehrt bleibt. [&hellip;]<\/p>\n","protected":false},"author":1,"featured_media":1517,"parent":0,"menu_order":0,"comment_status":"closed","ping_status":"closed","template":"elementor_header_footer","meta":{"footnotes":""},"class_list":["post-1633","page","type-page","status-publish","has-post-thumbnail","hentry"],"yoast_head":"<!-- This site is optimized with the Yoast SEO plugin v24.6 - https:\/\/yoast.com\/wordpress\/plugins\/seo\/ -->\n<title>Beulenreparatur ohne Lackieren<\/title>\n<meta name=\"description\" content=\"Beulen und Dellen am Fahrzeug sind \u00e4rgerlich, m\u00fcssen aber nicht immer mit teuren Lackierarbeiten behoben werden.\" \/>\n<meta name=\"robots\" content=\"index, follow, max-snippet:-1, max-image-preview:large, max-video-preview:-1\" \/>\n<link rel=\"canonical\" href=\"https:\/\/cardentrepair.de\/?page_id=1633\" \/>\n<meta property=\"og:locale\" content=\"de_DE\" \/>\n<meta property=\"og:type\" content=\"article\" \/>\n<meta property=\"og:title\" content=\"Beulenreparatur ohne Lackieren\" \/>\n<meta property=\"og:description\" content=\"Beulen und Dellen am Fahrzeug sind \u00e4rgerlich, m\u00fcssen aber nicht immer mit teuren Lackierarbeiten behoben werden.\" \/>\n<meta property=\"og:url\" content=\"https:\/\/cardentrepair.de\/?page_id=1633\" \/>\n<meta property=\"og:site_name\" content=\"Car Dent Repair\" \/>\n<meta property=\"article:modified_time\" content=\"2025-02-24T11:14:24+00:00\" \/>\n<meta property=\"og:image\" content=\"https:\/\/cardentrepair.de\/wp-content\/uploads\/2025\/02\/Design-ohne-Titel-2.jpg\" \/>\n\t<meta property=\"og:image:width\" content=\"1920\" \/>\n\t<meta property=\"og:image:height\" content=\"1080\" \/>\n\t<meta property=\"og:image:type\" content=\"image\/jpeg\" \/>\n<meta name=\"twitter:card\" content=\"summary_large_image\" \/>\n<meta name=\"twitter:title\" content=\"Beulenreparatur ohne Lackieren\" \/>\n<meta name=\"twitter:description\" content=\"Beulen und Dellen am Fahrzeug sind \u00e4rgerlich, m\u00fcssen aber nicht immer mit teuren Lackierarbeiten behoben werden.\" \/>\n<meta name=\"twitter:image\" content=\"https:\/\/cardentrepair.de\/wp-content\/uploads\/2025\/02\/Design-ohne-Titel-2.jpg\" \/>\n<script type=\"application\/ld+json\" class=\"yoast-schema-graph\">{\"@context\":\"https:\/\/schema.org\",\"@graph\":[{\"@type\":\"WebPage\",\"@id\":\"https:\/\/cardentrepair.de\/?page_id=1633\",\"url\":\"https:\/\/cardentrepair.de\/?page_id=1633\",\"name\":\"Beulenreparatur ohne Lackieren\",\"isPartOf\":{\"@id\":\"https:\/\/cardentrepair.de\/#website\"},\"primaryImageOfPage\":{\"@id\":\"https:\/\/cardentrepair.de\/?page_id=1633#primaryimage\"},\"image\":{\"@id\":\"https:\/\/cardentrepair.de\/?page_id=1633#primaryimage\"},\"thumbnailUrl\":\"https:\/\/cardentrepair.de\/wp-content\/uploads\/2025\/02\/Design-ohne-Titel-2.jpg\",\"datePublished\":\"2025-02-24T10:49:08+00:00\",\"dateModified\":\"2025-02-24T11:14:24+00:00\",\"description\":\"Beulen und Dellen am Fahrzeug sind \u00e4rgerlich, m\u00fcssen aber nicht immer mit teuren Lackierarbeiten behoben werden.\",\"breadcrumb\":{\"@id\":\"https:\/\/cardentrepair.de\/?page_id=1633#breadcrumb\"},\"inLanguage\":\"de\",\"potentialAction\":[{\"@type\":\"ReadAction\",\"target\":[\"https:\/\/cardentrepair.de\/?page_id=1633\"]}]},{\"@type\":\"ImageObject\",\"inLanguage\":\"de\",\"@id\":\"https:\/\/cardentrepair.de\/?page_id=1633#primaryimage\",\"url\":\"https:\/\/cardentrepair.de\/wp-content\/uploads\/2025\/02\/Design-ohne-Titel-2.jpg\",\"contentUrl\":\"https:\/\/cardentrepair.de\/wp-content\/uploads\/2025\/02\/Design-ohne-Titel-2.jpg\",\"width\":1920,\"height\":1080},{\"@type\":\"BreadcrumbList\",\"@id\":\"https:\/\/cardentrepair.de\/?page_id=1633#breadcrumb\",\"itemListElement\":[{\"@type\":\"ListItem\",\"position\":1,\"name\":\"Startseite\",\"item\":\"https:\/\/cardentrepair.de\/\"},{\"@type\":\"ListItem\",\"position\":2,\"name\":\"Beulenreparatur ohne Lackieren\"}]},{\"@type\":\"WebSite\",\"@id\":\"https:\/\/cardentrepair.de\/#website\",\"url\":\"https:\/\/cardentrepair.de\/\",\"name\":\"Car Dent Repair\",\"description\":\"Heidenheim\",\"publisher\":{\"@id\":\"https:\/\/cardentrepair.de\/#organization\"},\"alternateName\":\"AutoZen\",\"potentialAction\":[{\"@type\":\"SearchAction\",\"target\":{\"@type\":\"EntryPoint\",\"urlTemplate\":\"https:\/\/cardentrepair.de\/?s={search_term_string}\"},\"query-input\":{\"@type\":\"PropertyValueSpecification\",\"valueRequired\":true,\"valueName\":\"search_term_string\"}}],\"inLanguage\":\"de\"},{\"@type\":\"Organization\",\"@id\":\"https:\/\/cardentrepair.de\/#organization\",\"name\":\"AutoZen\",\"alternateName\":\"AutoZen\",\"url\":\"https:\/\/cardentrepair.de\/\",\"logo\":{\"@type\":\"ImageObject\",\"inLanguage\":\"de\",\"@id\":\"https:\/\/cardentrepair.de\/#\/schema\/logo\/image\/\",\"url\":\"https:\/\/cardentrepair.de\/wp-content\/uploads\/2023\/05\/Black-and-White-Minimalist-Abstract-Car-Logo.png\",\"contentUrl\":\"https:\/\/cardentrepair.de\/wp-content\/uploads\/2023\/05\/Black-and-White-Minimalist-Abstract-Car-Logo.png\",\"width\":492,\"height\":114,\"caption\":\"AutoZen\"},\"image\":{\"@id\":\"https:\/\/cardentrepair.de\/#\/schema\/logo\/image\/\"}}]}<\/script>\n<!-- \/ Yoast SEO plugin. -->","yoast_head_json":{"title":"Beulenreparatur ohne Lackieren","description":"Beulen und Dellen am Fahrzeug sind \u00e4rgerlich, m\u00fcssen aber nicht immer mit teuren Lackierarbeiten behoben werden.","robots":{"index":"index","follow":"follow","max-snippet":"max-snippet:-1","max-image-preview":"max-image-preview:large","max-video-preview":"max-video-preview:-1"},"canonical":"https:\/\/cardentrepair.de\/?page_id=1633","og_locale":"de_DE","og_type":"article","og_title":"Beulenreparatur ohne Lackieren","og_description":"Beulen und Dellen am Fahrzeug sind \u00e4rgerlich, m\u00fcssen aber nicht immer mit teuren Lackierarbeiten behoben werden.","og_url":"https:\/\/cardentrepair.de\/?page_id=1633","og_site_name":"Car Dent Repair","article_modified_time":"2025-02-24T11:14:24+00:00","og_image":[{"width":1920,"height":1080,"url":"https:\/\/cardentrepair.de\/wp-content\/uploads\/2025\/02\/Design-ohne-Titel-2.jpg","type":"image\/jpeg"}],"twitter_card":"summary_large_image","twitter_title":"Beulenreparatur ohne Lackieren","twitter_description":"Beulen und Dellen am Fahrzeug sind \u00e4rgerlich, m\u00fcssen aber nicht immer mit teuren Lackierarbeiten behoben werden.","twitter_image":"https:\/\/cardentrepair.de\/wp-content\/uploads\/2025\/02\/Design-ohne-Titel-2.jpg","schema":{"@context":"https:\/\/schema.org","@graph":[{"@type":"WebPage","@id":"https:\/\/cardentrepair.de\/?page_id=1633","url":"https:\/\/cardentrepair.de\/?page_id=1633","name":"Beulenreparatur ohne Lackieren","isPartOf":{"@id":"https:\/\/cardentrepair.de\/#website"},"primaryImageOfPage":{"@id":"https:\/\/cardentrepair.de\/?page_id=1633#primaryimage"},"image":{"@id":"https:\/\/cardentrepair.de\/?page_id=1633#primaryimage"},"thumbnailUrl":"https:\/\/cardentrepair.de\/wp-content\/uploads\/2025\/02\/Design-ohne-Titel-2.jpg","datePublished":"2025-02-24T10:49:08+00:00","dateModified":"2025-02-24T11:14:24+00:00","description":"Beulen und Dellen am Fahrzeug sind \u00e4rgerlich, m\u00fcssen aber nicht immer mit teuren Lackierarbeiten behoben werden.","breadcrumb":{"@id":"https:\/\/cardentrepair.de\/?page_id=1633#breadcrumb"},"inLanguage":"de","potentialAction":[{"@type":"ReadAction","target":["https:\/\/cardentrepair.de\/?page_id=1633"]}]},{"@type":"ImageObject","inLanguage":"de","@id":"https:\/\/cardentrepair.de\/?page_id=1633#primaryimage","url":"https:\/\/cardentrepair.de\/wp-content\/uploads\/2025\/02\/Design-ohne-Titel-2.jpg","contentUrl":"https:\/\/cardentrepair.de\/wp-content\/uploads\/2025\/02\/Design-ohne-Titel-2.jpg","width":1920,"height":1080},{"@type":"BreadcrumbList","@id":"https:\/\/cardentrepair.de\/?page_id=1633#breadcrumb","itemListElement":[{"@type":"ListItem","position":1,"name":"Startseite","item":"https:\/\/cardentrepair.de\/"},{"@type":"ListItem","position":2,"name":"Beulenreparatur ohne Lackieren"}]},{"@type":"WebSite","@id":"https:\/\/cardentrepair.de\/#website","url":"https:\/\/cardentrepair.de\/","name":"Car Dent Repair","description":"Heidenheim","publisher":{"@id":"https:\/\/cardentrepair.de\/#organization"},"alternateName":"AutoZen","potentialAction":[{"@type":"SearchAction","target":{"@type":"EntryPoint","urlTemplate":"https:\/\/cardentrepair.de\/?s={search_term_string}"},"query-input":{"@type":"PropertyValueSpecification","valueRequired":true,"valueName":"search_term_string"}}],"inLanguage":"de"},{"@type":"Organization","@id":"https:\/\/cardentrepair.de\/#organization","name":"AutoZen","alternateName":"AutoZen","url":"https:\/\/cardentrepair.de\/","logo":{"@type":"ImageObject","inLanguage":"de","@id":"https:\/\/cardentrepair.de\/#\/schema\/logo\/image\/","url":"https:\/\/cardentrepair.de\/wp-content\/uploads\/2023\/05\/Black-and-White-Minimalist-Abstract-Car-Logo.png","contentUrl":"https:\/\/cardentrepair.de\/wp-content\/uploads\/2023\/05\/Black-and-White-Minimalist-Abstract-Car-Logo.png","width":492,"height":114,"caption":"AutoZen"},"image":{"@id":"https:\/\/cardentrepair.de\/#\/schema\/logo\/image\/"}}]}},"_links":{"self":[{"href":"https:\/\/cardentrepair.de\/index.php?rest_route=\/wp\/v2\/pages\/1633","targetHints":{"allow":["GET"]}}],"collection":[{"href":"https:\/\/cardentrepair.de\/index.php?rest_route=\/wp\/v2\/pages"}],"about":[{"href":"https:\/\/cardentrepair.de\/index.php?rest_route=\/wp\/v2\/types\/page"}],"author":[{"embeddable":true,"href":"https:\/\/cardentrepair.de\/index.php?rest_route=\/wp\/v2\/users\/1"}],"replies":[{"embeddable":true,"href":"https:\/\/cardentrepair.de\/index.php?rest_route=%2Fwp%2Fv2%2Fcomments&post=1633"}],"version-history":[{"count":0,"href":"https:\/\/cardentrepair.de\/index.php?rest_route=\/wp\/v2\/pages\/1633\/revisions"}],"wp:featuredmedia":[{"embeddable":true,"href":"https:\/\/cardentrepair.de\/index.php?rest_route=\/wp\/v2\/media\/1517"}],"wp:attachment":[{"href":"https:\/\/cardentrepair.de\/index.php?rest_route=%2Fwp%2Fv2%2Fmedia&parent=1633"}],"curies":[{"name":"wp","href":"https:\/\/api.w.org\/{rel}","templated":true}]}}