{"id":1638,"date":"2025-02-24T10:54:08","date_gmt":"2025-02-24T10:54:08","guid":{"rendered":"https:\/\/cardentrepair.de\/?page_id=1638"},"modified":"2025-02-24T11:15:56","modified_gmt":"2025-02-24T11:15:56","slug":"smart-repair-heidenheim","status":"publish","type":"page","link":"https:\/\/cardentrepair.de\/?page_id=1638","title":{"rendered":"Smart Repair Heidenheim"},"content":{"rendered":"\t\t<div data-elementor-type=\"wp-page\" data-elementor-id=\"1638\" class=\"elementor elementor-1638\" data-elementor-post-type=\"page\">\n\t\t\t\t\t\t<section class=\"elementor-section elementor-top-section elementor-element elementor-element-f4ffb7a elementor-reverse-tablet elementor-reverse-mobile elementor-section-boxed elementor-section-height-default elementor-section-height-default\" data-id=\"f4ffb7a\" data-element_type=\"section\" data-settings=\"{&quot;background_background&quot;:&quot;classic&quot;}\">\n\t\t\t\t\t\t<div class=\"elementor-container elementor-column-gap-no\">\n\t\t\t\t\t<div class=\"elementor-column elementor-col-50 elementor-top-column elementor-element elementor-element-d2c01ad\" data-id=\"d2c01ad\" data-element_type=\"column\">\n\t\t\t<div class=\"elementor-widget-wrap elementor-element-populated\">\n\t\t\t\t\t\t<div class=\"elementor-element elementor-element-a045df0 elementor-widget elementor-widget-heading\" data-id=\"a045df0\" data-element_type=\"widget\" data-widget_type=\"heading.default\">\n\t\t\t\t<div class=\"elementor-widget-container\">\n\t\t\t\t\t<h6 class=\"elementor-heading-title elementor-size-default\">Car Dent Repair<\/h6>\t\t\t\t<\/div>\n\t\t\t\t<\/div>\n\t\t\t\t<div class=\"elementor-element elementor-element-2fe20fc elementor-widget elementor-widget-heading\" data-id=\"2fe20fc\" data-element_type=\"widget\" data-widget_type=\"heading.default\">\n\t\t\t\t<div class=\"elementor-widget-container\">\n\t\t\t\t\t<div class=\"elementor-heading-title elementor-size-default\">Smart Repair in Heidenheim ist eine innovative Technik zur kosteng\u00fcnstigen und effizienten Reparatur kleinerer Sch\u00e4den an Ihrem Fahrzeug. Mit Smart Repair k\u00f6nnen wir Dellen, Kratzer und andere kleinere Sch\u00e4den an Ihrem Auto schnell und ohne umfangreiche Arbeiten beheben. Diese Methode spart nicht nur Zeit, sondern auch Geld, da sie im Vergleich zu traditionellen Reparaturen wesentlich g\u00fcnstiger ist.\n\nUnsere Experten in Heidenheim nutzen speziell entwickelte Werkzeuge und Techniken, um Sch\u00e4den an Ihrem Fahrzeug punktgenau zu reparieren. Der Vorteil von Smart Repair liegt in der schnellen Durchf\u00fchrung und der hohen Qualit\u00e4t der Reparaturen. Dabei wird der Schaden pr\u00e4zise bearbeitet, ohne dass gr\u00f6\u00dfere Reparaturarbeiten oder eine vollst\u00e4ndige Lackierung notwendig sind.<\/div>\t\t\t\t<\/div>\n\t\t\t\t<\/div>\n\t\t\t\t<div class=\"elementor-element elementor-element-687ca19 elementor-mobile-align-justify elementor-widget elementor-widget-button\" data-id=\"687ca19\" data-element_type=\"widget\" data-widget_type=\"button.default\">\n\t\t\t\t<div class=\"elementor-widget-container\">\n\t\t\t\t\t\t\t\t\t<div class=\"elementor-button-wrapper\">\n\t\t\t\t\t<a class=\"elementor-button elementor-button-link elementor-size-lg\" href=\"#terminvergabe\">\n\t\t\t\t\t\t<span class=\"elementor-button-content-wrapper\">\n\t\t\t\t\t\t\t\t\t<span class=\"elementor-button-text\">ANFRAGE SENDEN<\/span>\n\t\t\t\t\t<\/span>\n\t\t\t\t\t<\/a>\n\t\t\t\t<\/div>\n\t\t\t\t\t\t\t\t<\/div>\n\t\t\t\t<\/div>\n\t\t\t\t\t<\/div>\n\t\t<\/div>\n\t\t\t\t<div class=\"elementor-column elementor-col-50 elementor-top-column elementor-element elementor-element-0264c53\" data-id=\"0264c53\" data-element_type=\"column\">\n\t\t\t<div class=\"elementor-widget-wrap elementor-element-populated\">\n\t\t\t\t\t\t<div class=\"elementor-element elementor-element-8475046 elementor-widget elementor-widget-image\" data-id=\"8475046\" data-element_type=\"widget\" data-widget_type=\"image.default\">\n\t\t\t\t<div class=\"elementor-widget-container\">\n\t\t\t\t\t\t\t\t\t\t\t\t\t\t\t<img fetchpriority=\"high\" decoding=\"async\" width=\"1920\" height=\"1080\" src=\"https:\/\/cardentrepair.de\/wp-content\/uploads\/2025\/02\/Design-ohne-Titel-6.jpg\" class=\"attachment-full size-full wp-image-1639\" alt=\"\" srcset=\"https:\/\/cardentrepair.de\/wp-content\/uploads\/2025\/02\/Design-ohne-Titel-6.jpg 1920w, https:\/\/cardentrepair.de\/wp-content\/uploads\/2025\/02\/Design-ohne-Titel-6-300x169.jpg 300w, https:\/\/cardentrepair.de\/wp-content\/uploads\/2025\/02\/Design-ohne-Titel-6-1024x576.jpg 1024w, https:\/\/cardentrepair.de\/wp-content\/uploads\/2025\/02\/Design-ohne-Titel-6-768x432.jpg 768w, https:\/\/cardentrepair.de\/wp-content\/uploads\/2025\/02\/Design-ohne-Titel-6-1536x864.jpg 1536w\" sizes=\"(max-width: 1920px) 100vw, 1920px\" \/>\t\t\t\t\t\t\t\t\t\t\t\t\t\t\t<\/div>\n\t\t\t\t<\/div>\n\t\t\t\t\t<\/div>\n\t\t<\/div>\n\t\t\t\t\t<\/div>\n\t\t<\/section>\n\t\t\t\t<section class=\"elementor-section elementor-top-section elementor-element elementor-element-e02832f elementor-section-boxed elementor-section-height-default elementor-section-height-default\" data-id=\"e02832f\" data-element_type=\"section\">\n\t\t\t\t\t\t<div class=\"elementor-container elementor-column-gap-default\">\n\t\t\t\t\t<div class=\"elementor-column elementor-col-100 elementor-top-column elementor-element elementor-element-40ab96c\" data-id=\"40ab96c\" data-element_type=\"column\">\n\t\t\t<div class=\"elementor-widget-wrap elementor-element-populated\">\n\t\t\t\t\t\t<section class=\"elementor-section elementor-inner-section elementor-element elementor-element-59c05c5 elementor-section-boxed elementor-section-height-default elementor-section-height-default\" data-id=\"59c05c5\" data-element_type=\"section\">\n\t\t\t\t\t\t<div class=\"elementor-container elementor-column-gap-default\">\n\t\t\t\t\t<div class=\"elementor-column elementor-col-25 elementor-inner-column elementor-element elementor-element-aab1f6b\" data-id=\"aab1f6b\" data-element_type=\"column\">\n\t\t\t<div class=\"elementor-widget-wrap elementor-element-populated\">\n\t\t\t\t\t\t<div class=\"elementor-element elementor-element-20cffda elementor-widget elementor-widget-counter\" data-id=\"20cffda\" data-element_type=\"widget\" data-widget_type=\"counter.default\">\n\t\t\t\t<div class=\"elementor-widget-container\">\n\t\t\t\t\t\t\t<div class=\"elementor-counter\">\n\t\t\t<div class=\"elementor-counter-title\">zufriedene Kunden j\u00e4hrlich<\/div>\t\t\t<div class=\"elementor-counter-number-wrapper\">\n\t\t\t\t<span class=\"elementor-counter-number-prefix\"><\/span>\n\t\t\t\t<span class=\"elementor-counter-number\" data-duration=\"2000\" data-to-value=\"500\" data-from-value=\"0\">0<\/span>\n\t\t\t\t<span class=\"elementor-counter-number-suffix\">+<\/span>\n\t\t\t<\/div>\n\t\t<\/div>\n\t\t\t\t\t\t<\/div>\n\t\t\t\t<\/div>\n\t\t\t\t\t<\/div>\n\t\t<\/div>\n\t\t\t\t<div class=\"elementor-column elementor-col-25 elementor-inner-column elementor-element elementor-element-1a22532\" data-id=\"1a22532\" data-element_type=\"column\">\n\t\t\t<div class=\"elementor-widget-wrap elementor-element-populated\">\n\t\t\t\t\t\t<div class=\"elementor-element elementor-element-eab277a elementor-widget elementor-widget-counter\" data-id=\"eab277a\" data-element_type=\"widget\" data-widget_type=\"counter.default\">\n\t\t\t\t<div class=\"elementor-widget-container\">\n\t\t\t\t\t\t\t<div class=\"elementor-counter\">\n\t\t\t<div class=\"elementor-counter-title\">Jahre Erfahrung<\/div>\t\t\t<div class=\"elementor-counter-number-wrapper\">\n\t\t\t\t<span class=\"elementor-counter-number-prefix\"><\/span>\n\t\t\t\t<span class=\"elementor-counter-number\" data-duration=\"2000\" data-to-value=\"10\" data-from-value=\"0\" data-delimiter=\",\">0<\/span>\n\t\t\t\t<span class=\"elementor-counter-number-suffix\">+<\/span>\n\t\t\t<\/div>\n\t\t<\/div>\n\t\t\t\t\t\t<\/div>\n\t\t\t\t<\/div>\n\t\t\t\t\t<\/div>\n\t\t<\/div>\n\t\t\t\t<div class=\"elementor-column elementor-col-25 elementor-inner-column elementor-element elementor-element-0d4c37f\" data-id=\"0d4c37f\" data-element_type=\"column\">\n\t\t\t<div class=\"elementor-widget-wrap elementor-element-populated\">\n\t\t\t\t\t\t<div class=\"elementor-element elementor-element-0d58f3d elementor-widget elementor-widget-counter\" data-id=\"0d58f3d\" data-element_type=\"widget\" data-widget_type=\"counter.default\">\n\t\t\t\t<div class=\"elementor-widget-container\">\n\t\t\t\t\t\t\t<div class=\"elementor-counter\">\n\t\t\t<div class=\"elementor-counter-title\">Dellen entfernt<\/div>\t\t\t<div class=\"elementor-counter-number-wrapper\">\n\t\t\t\t<span class=\"elementor-counter-number-prefix\"><\/span>\n\t\t\t\t<span class=\"elementor-counter-number\" data-duration=\"2000\" data-to-value=\"1000\" data-from-value=\"0\">0<\/span>\n\t\t\t\t<span class=\"elementor-counter-number-suffix\">+<\/span>\n\t\t\t<\/div>\n\t\t<\/div>\n\t\t\t\t\t\t<\/div>\n\t\t\t\t<\/div>\n\t\t\t\t\t<\/div>\n\t\t<\/div>\n\t\t\t\t<div class=\"elementor-column elementor-col-25 elementor-inner-column elementor-element elementor-element-6b1178d\" data-id=\"6b1178d\" data-element_type=\"column\">\n\t\t\t<div class=\"elementor-widget-wrap elementor-element-populated\">\n\t\t\t\t\t\t<div class=\"elementor-element elementor-element-1fb464f elementor-widget elementor-widget-counter\" data-id=\"1fb464f\" data-element_type=\"widget\" data-widget_type=\"counter.default\">\n\t\t\t\t<div class=\"elementor-widget-container\">\n\t\t\t\t\t\t\t<div class=\"elementor-counter\">\n\t\t\t<div class=\"elementor-counter-title\">Kundenzufriedenheit<\/div>\t\t\t<div class=\"elementor-counter-number-wrapper\">\n\t\t\t\t<span class=\"elementor-counter-number-prefix\"><\/span>\n\t\t\t\t<span class=\"elementor-counter-number\" data-duration=\"2000\" data-to-value=\"100\" data-from-value=\"0\" data-delimiter=\",\">0<\/span>\n\t\t\t\t<span class=\"elementor-counter-number-suffix\">%<\/span>\n\t\t\t<\/div>\n\t\t<\/div>\n\t\t\t\t\t\t<\/div>\n\t\t\t\t<\/div>\n\t\t\t\t\t<\/div>\n\t\t<\/div>\n\t\t\t\t\t<\/div>\n\t\t<\/section>\n\t\t\t\t\t<\/div>\n\t\t<\/div>\n\t\t\t\t\t<\/div>\n\t\t<\/section>\n\t\t\t\t<\/div>\n\t\t","protected":false},"excerpt":{"rendered":"<p>Smart Repair in Heidenheim ist eine innovative Technik zur kosteng\u00fcnstigen und effizienten Reparatur kleinerer Sch\u00e4den an Ihrem Fahrzeug. Mit Smart Repair k\u00f6nnen wir Dellen, Kratzer und andere kleinere Sch\u00e4den an Ihrem Auto schnell und ohne umfangreiche Arbeiten beheben. Diese Methode spart nicht nur Zeit, sondern auch Geld, da sie im Vergleich zu traditionellen Reparaturen wesentlich [&hellip;]<\/p>\n","protected":false},"author":1,"featured_media":1639,"parent":0,"menu_order":0,"comment_status":"closed","ping_status":"closed","template":"elementor_header_footer","meta":{"footnotes":""},"class_list":["post-1638","page","type-page","status-publish","has-post-thumbnail","hentry"],"yoast_head":"<!-- This site is optimized with the Yoast SEO plugin v24.6 - https:\/\/yoast.com\/wordpress\/plugins\/seo\/ -->\n<title>Smart Repair Heidenheim<\/title>\n<meta name=\"description\" content=\"Smart Repair in Heidenheim ist eine innovative Technik zur kosteng\u00fcnstigen und effizienten Reparatur kleinerer Sch\u00e4den an Ihrem Fahrzeug.\" \/>\n<meta name=\"robots\" content=\"index, follow, max-snippet:-1, max-image-preview:large, max-video-preview:-1\" \/>\n<link rel=\"canonical\" href=\"https:\/\/cardentrepair.de\/?page_id=1638\" \/>\n<meta property=\"og:locale\" content=\"de_DE\" \/>\n<meta property=\"og:type\" content=\"article\" \/>\n<meta property=\"og:title\" content=\"Smart Repair Heidenheim\" \/>\n<meta property=\"og:description\" content=\"Smart Repair in Heidenheim ist eine innovative Technik zur kosteng\u00fcnstigen und effizienten Reparatur kleinerer Sch\u00e4den an Ihrem Fahrzeug.\" \/>\n<meta property=\"og:url\" content=\"https:\/\/cardentrepair.de\/?page_id=1638\" \/>\n<meta property=\"og:site_name\" content=\"Car Dent Repair\" \/>\n<meta property=\"article:modified_time\" content=\"2025-02-24T11:15:56+00:00\" \/>\n<meta property=\"og:image\" content=\"https:\/\/cardentrepair.de\/wp-content\/uploads\/2025\/02\/Design-ohne-Titel-6.jpg\" \/>\n\t<meta property=\"og:image:width\" content=\"1920\" \/>\n\t<meta property=\"og:image:height\" content=\"1080\" \/>\n\t<meta property=\"og:image:type\" content=\"image\/jpeg\" \/>\n<meta name=\"twitter:card\" content=\"summary_large_image\" \/>\n<meta name=\"twitter:title\" content=\"Smart Repair Heidenheim\" \/>\n<meta name=\"twitter:description\" content=\"Smart Repair in Heidenheim ist eine innovative Technik zur kosteng\u00fcnstigen und effizienten Reparatur kleinerer Sch\u00e4den an Ihrem Fahrzeug.\" \/>\n<meta name=\"twitter:image\" content=\"https:\/\/cardentrepair.de\/wp-content\/uploads\/2025\/02\/Design-ohne-Titel-6.jpg\" \/>\n<script type=\"application\/ld+json\" class=\"yoast-schema-graph\">{\"@context\":\"https:\/\/schema.org\",\"@graph\":[{\"@type\":\"WebPage\",\"@id\":\"https:\/\/cardentrepair.de\/?page_id=1638\",\"url\":\"https:\/\/cardentrepair.de\/?page_id=1638\",\"name\":\"Smart Repair Heidenheim\",\"isPartOf\":{\"@id\":\"https:\/\/cardentrepair.de\/#website\"},\"primaryImageOfPage\":{\"@id\":\"https:\/\/cardentrepair.de\/?page_id=1638#primaryimage\"},\"image\":{\"@id\":\"https:\/\/cardentrepair.de\/?page_id=1638#primaryimage\"},\"thumbnailUrl\":\"https:\/\/cardentrepair.de\/wp-content\/uploads\/2025\/02\/Design-ohne-Titel-6.jpg\",\"datePublished\":\"2025-02-24T10:54:08+00:00\",\"dateModified\":\"2025-02-24T11:15:56+00:00\",\"description\":\"Smart Repair in Heidenheim ist eine innovative Technik zur kosteng\u00fcnstigen und effizienten Reparatur kleinerer Sch\u00e4den an Ihrem Fahrzeug.\",\"breadcrumb\":{\"@id\":\"https:\/\/cardentrepair.de\/?page_id=1638#breadcrumb\"},\"inLanguage\":\"de\",\"potentialAction\":[{\"@type\":\"ReadAction\",\"target\":[\"https:\/\/cardentrepair.de\/?page_id=1638\"]}]},{\"@type\":\"ImageObject\",\"inLanguage\":\"de\",\"@id\":\"https:\/\/cardentrepair.de\/?page_id=1638#primaryimage\",\"url\":\"https:\/\/cardentrepair.de\/wp-content\/uploads\/2025\/02\/Design-ohne-Titel-6.jpg\",\"contentUrl\":\"https:\/\/cardentrepair.de\/wp-content\/uploads\/2025\/02\/Design-ohne-Titel-6.jpg\",\"width\":1920,\"height\":1080},{\"@type\":\"BreadcrumbList\",\"@id\":\"https:\/\/cardentrepair.de\/?page_id=1638#breadcrumb\",\"itemListElement\":[{\"@type\":\"ListItem\",\"position\":1,\"name\":\"Startseite\",\"item\":\"https:\/\/cardentrepair.de\/\"},{\"@type\":\"ListItem\",\"position\":2,\"name\":\"Smart Repair Heidenheim\"}]},{\"@type\":\"WebSite\",\"@id\":\"https:\/\/cardentrepair.de\/#website\",\"url\":\"https:\/\/cardentrepair.de\/\",\"name\":\"Car Dent Repair\",\"description\":\"Heidenheim\",\"publisher\":{\"@id\":\"https:\/\/cardentrepair.de\/#organization\"},\"alternateName\":\"AutoZen\",\"potentialAction\":[{\"@type\":\"SearchAction\",\"target\":{\"@type\":\"EntryPoint\",\"urlTemplate\":\"https:\/\/cardentrepair.de\/?s={search_term_string}\"},\"query-input\":{\"@type\":\"PropertyValueSpecification\",\"valueRequired\":true,\"valueName\":\"search_term_string\"}}],\"inLanguage\":\"de\"},{\"@type\":\"Organization\",\"@id\":\"https:\/\/cardentrepair.de\/#organization\",\"name\":\"AutoZen\",\"alternateName\":\"AutoZen\",\"url\":\"https:\/\/cardentrepair.de\/\",\"logo\":{\"@type\":\"ImageObject\",\"inLanguage\":\"de\",\"@id\":\"https:\/\/cardentrepair.de\/#\/schema\/logo\/image\/\",\"url\":\"https:\/\/cardentrepair.de\/wp-content\/uploads\/2023\/05\/Black-and-White-Minimalist-Abstract-Car-Logo.png\",\"contentUrl\":\"https:\/\/cardentrepair.de\/wp-content\/uploads\/2023\/05\/Black-and-White-Minimalist-Abstract-Car-Logo.png\",\"width\":492,\"height\":114,\"caption\":\"AutoZen\"},\"image\":{\"@id\":\"https:\/\/cardentrepair.de\/#\/schema\/logo\/image\/\"}}]}<\/script>\n<!-- \/ Yoast SEO plugin. -->","yoast_head_json":{"title":"Smart Repair Heidenheim","description":"Smart Repair in Heidenheim ist eine innovative Technik zur kosteng\u00fcnstigen und effizienten Reparatur kleinerer Sch\u00e4den an Ihrem Fahrzeug.","robots":{"index":"index","follow":"follow","max-snippet":"max-snippet:-1","max-image-preview":"max-image-preview:large","max-video-preview":"max-video-preview:-1"},"canonical":"https:\/\/cardentrepair.de\/?page_id=1638","og_locale":"de_DE","og_type":"article","og_title":"Smart Repair Heidenheim","og_description":"Smart Repair in Heidenheim ist eine innovative Technik zur kosteng\u00fcnstigen und effizienten Reparatur kleinerer Sch\u00e4den an Ihrem Fahrzeug.","og_url":"https:\/\/cardentrepair.de\/?page_id=1638","og_site_name":"Car Dent Repair","article_modified_time":"2025-02-24T11:15:56+00:00","og_image":[{"width":1920,"height":1080,"url":"https:\/\/cardentrepair.de\/wp-content\/uploads\/2025\/02\/Design-ohne-Titel-6.jpg","type":"image\/jpeg"}],"twitter_card":"summary_large_image","twitter_title":"Smart Repair Heidenheim","twitter_description":"Smart Repair in Heidenheim ist eine innovative Technik zur kosteng\u00fcnstigen und effizienten Reparatur kleinerer Sch\u00e4den an Ihrem Fahrzeug.","twitter_image":"https:\/\/cardentrepair.de\/wp-content\/uploads\/2025\/02\/Design-ohne-Titel-6.jpg","schema":{"@context":"https:\/\/schema.org","@graph":[{"@type":"WebPage","@id":"https:\/\/cardentrepair.de\/?page_id=1638","url":"https:\/\/cardentrepair.de\/?page_id=1638","name":"Smart Repair Heidenheim","isPartOf":{"@id":"https:\/\/cardentrepair.de\/#website"},"primaryImageOfPage":{"@id":"https:\/\/cardentrepair.de\/?page_id=1638#primaryimage"},"image":{"@id":"https:\/\/cardentrepair.de\/?page_id=1638#primaryimage"},"thumbnailUrl":"https:\/\/cardentrepair.de\/wp-content\/uploads\/2025\/02\/Design-ohne-Titel-6.jpg","datePublished":"2025-02-24T10:54:08+00:00","dateModified":"2025-02-24T11:15:56+00:00","description":"Smart Repair in Heidenheim ist eine innovative Technik zur kosteng\u00fcnstigen und effizienten Reparatur kleinerer Sch\u00e4den an Ihrem Fahrzeug.","breadcrumb":{"@id":"https:\/\/cardentrepair.de\/?page_id=1638#breadcrumb"},"inLanguage":"de","potentialAction":[{"@type":"ReadAction","target":["https:\/\/cardentrepair.de\/?page_id=1638"]}]},{"@type":"ImageObject","inLanguage":"de","@id":"https:\/\/cardentrepair.de\/?page_id=1638#primaryimage","url":"https:\/\/cardentrepair.de\/wp-content\/uploads\/2025\/02\/Design-ohne-Titel-6.jpg","contentUrl":"https:\/\/cardentrepair.de\/wp-content\/uploads\/2025\/02\/Design-ohne-Titel-6.jpg","width":1920,"height":1080},{"@type":"BreadcrumbList","@id":"https:\/\/cardentrepair.de\/?page_id=1638#breadcrumb","itemListElement":[{"@type":"ListItem","position":1,"name":"Startseite","item":"https:\/\/cardentrepair.de\/"},{"@type":"ListItem","position":2,"name":"Smart Repair Heidenheim"}]},{"@type":"WebSite","@id":"https:\/\/cardentrepair.de\/#website","url":"https:\/\/cardentrepair.de\/","name":"Car Dent Repair","description":"Heidenheim","publisher":{"@id":"https:\/\/cardentrepair.de\/#organization"},"alternateName":"AutoZen","potentialAction":[{"@type":"SearchAction","target":{"@type":"EntryPoint","urlTemplate":"https:\/\/cardentrepair.de\/?s={search_term_string}"},"query-input":{"@type":"PropertyValueSpecification","valueRequired":true,"valueName":"search_term_string"}}],"inLanguage":"de"},{"@type":"Organization","@id":"https:\/\/cardentrepair.de\/#organization","name":"AutoZen","alternateName":"AutoZen","url":"https:\/\/cardentrepair.de\/","logo":{"@type":"ImageObject","inLanguage":"de","@id":"https:\/\/cardentrepair.de\/#\/schema\/logo\/image\/","url":"https:\/\/cardentrepair.de\/wp-content\/uploads\/2023\/05\/Black-and-White-Minimalist-Abstract-Car-Logo.png","contentUrl":"https:\/\/cardentrepair.de\/wp-content\/uploads\/2023\/05\/Black-and-White-Minimalist-Abstract-Car-Logo.png","width":492,"height":114,"caption":"AutoZen"},"image":{"@id":"https:\/\/cardentrepair.de\/#\/schema\/logo\/image\/"}}]}},"_links":{"self":[{"href":"https:\/\/cardentrepair.de\/index.php?rest_route=\/wp\/v2\/pages\/1638","targetHints":{"allow":["GET"]}}],"collection":[{"href":"https:\/\/cardentrepair.de\/index.php?rest_route=\/wp\/v2\/pages"}],"about":[{"href":"https:\/\/cardentrepair.de\/index.php?rest_route=\/wp\/v2\/types\/page"}],"author":[{"embeddable":true,"href":"https:\/\/cardentrepair.de\/index.php?rest_route=\/wp\/v2\/users\/1"}],"replies":[{"embeddable":true,"href":"https:\/\/cardentrepair.de\/index.php?rest_route=%2Fwp%2Fv2%2Fcomments&post=1638"}],"version-history":[{"count":0,"href":"https:\/\/cardentrepair.de\/index.php?rest_route=\/wp\/v2\/pages\/1638\/revisions"}],"wp:featuredmedia":[{"embeddable":true,"href":"https:\/\/cardentrepair.de\/index.php?rest_route=\/wp\/v2\/media\/1639"}],"wp:attachment":[{"href":"https:\/\/cardentrepair.de\/index.php?rest_route=%2Fwp%2Fv2%2Fmedia&parent=1638"}],"curies":[{"name":"wp","href":"https:\/\/api.w.org\/{rel}","templated":true}]}}